{"id":1051,"date":"2020-07-28T10:14:02","date_gmt":"2020-07-28T10:14:02","guid":{"rendered":"https:\/\/startersites.io\/brizy\/modern-shop\/?page_id=1051"},"modified":"2026-04-06T21:57:34","modified_gmt":"2026-04-06T21:57:34","slug":"contact-us","status":"publish","type":"page","link":"https:\/\/amza-cleanline.com\/index.php\/contact-us\/","title":{"rendered":"Contact Us"},"content":{"rendered":"<div class=\"brz brz-root__container brz-reset-all brz-root__container-page\">\n<section id=\"pzdxafcnaemqlhijdijbupvbzoxhowrlicyn_pzdxafcnaemqlhijdijbupvbzoxhowrlicyn\" class=\"brz-section brz-css-d-section brz-css-1mvxv80\">\n<div class=\"brz-section__content brz-section--boxed brz-css-d-sectionitem-bg brz-css-1ign9zx\" data-brz-custom-id=\"pfuurwsmovyldlwqyudwzasqtbpdpepknsjg\">\n<div class=\"brz-bg\">\n<div class=\"brz-bg-image brz-bg-image-parallax\"><\/div>\n<div class=\"brz-bg-color\"><\/div>\n<\/div>\n<div class=\"brz-container brz-css-d-sectionitem-container brz-css-9np22t\">\n<div id=\"\" class=\"brz-css-d-wrapper brz-css-r-wrapper brz-css-mxgism brz-wrapper\">\n<div class=\"brz-spacer brz-css-d-spacer brz-css-m5s01w\"><\/div>\n<\/div>\n<div class=\"brz-row__container brz-css-d-row-row brz-css-u02tcu\" data-brz-custom-id=\"x2NNSodmjCgx\">\n<div class=\"brz-row brz-css-d-row-container brz-css-s9r4i4\">\n<div class=\"brz-columns brz-css-d-column-column brz-css-18sh8y4\" data-brz-custom-id=\"wQPyISCupRNw\">\n<div class=\"brz-column__items brz-css-d-column-bg brz-css-10utybz\">\n<div class=\"brz-row__container brz-css-d-row-row brz-css-1skljm7\" data-brz-custom-id=\"dFEvoHd2o14D\">\n<div class=\"brz-row brz-row--inner brz-css-d-row-container brz-css-1i4j5yu\">\n<div class=\"brz-columns brz-css-d-column-column brz-css-ssttlu\" data-brz-custom-id=\"uD5rAJg14GMt\">\n<div class=\"brz-column__items brz-css-d-column-bg brz-css-n8oin2\">\n<div id=\"\" class=\"brz-css-d-wrapper brz-css-r-wrapper brz-css-drpdu7 brz-wrapper\">\n<div class=\"brz-spacer brz-css-d-spacer brz-css-1smaxkg\"><\/div>\n<\/div>\n<\/div>\n<\/div>\n<\/div>\n<\/div>\n<div id=\"\" class=\"brz-css-d-wrapper brz-css-r-wrapper brz-css-1hg7j7u brz-wrapper\">\n<div class=\"brz-spacer brz-css-d-spacer brz-css-fzvkh5\"><\/div>\n<\/div>\n<div class=\"brz-row__container brz-css-d-row-row brz-css-1qx0tyd contact-page\" data-brz-custom-id=\"s3M786CZQk2F\">\n<div class=\"brz-bg\">\n<div class=\"brz-bg-color\"><\/div>\n<\/div>\n<div class=\"brz-row brz-row--inner brz-css-d-row-container brz-css-w4jzkh\">\n<div class=\"brz-columns brz-css-d-column-column brz-css-rw999a\" data-brz-custom-id=\"eBIIx0z7b3Tx\">\n<div class=\"brz-column__items brz-css-d-column-bg brz-css-1nj7rcs\">\n<div id=\"\" class=\"brz-css-d-wrapper brz-css-1e0q9tl brz-wrapper\">\n<div class=\"brz-rich-text brz-rich-text__custom brz-css-d-richtext brz-css-192iqtl\" data-brz-custom-id=\"bDcoz9HxE12l\">\n<div data-brz-translate-text=\"1\">\n<p class=\"brz-text-lg-left brz-vfw-lg-400 brz-fwdth-lg-100 brz-fsft-lg-0 brz-tp-lg-empty brz-ff-playfair_display brz-ft-google brz-fs-lg-40 brz-fss-lg-px brz-fw-lg-700 brz-ls-lg-0 brz-lh-lg-1 brz-css-yu_kB\" data-generated-css=\"brz-css-aUgFG\" data-uniq-id=\"ek6Wc\"><span class=\"brz-italic-true brz-span\"><em>Contact<\/em><\/span><\/p>\n<\/div>\n<\/div>\n<\/div>\n<div id=\"\" class=\"brz-css-d-wrapper brz-css-10g934d brz-wrapper\">\n<div class=\"brz-line brz-line-default brz-css-d-line brz-css-1jzffjg\" data-brz-custom-id=\"wAF88v_YpBzM\">\n<hr class=\"brz-hr\"><\/div>\n<\/div>\n<div id=\"\" class=\"brz-css-d-wrapper brz-css-189a66e brz-wrapper\">\n<div class=\"brz-rich-text brz-rich-text__custom brz-css-d-richtext brz-css-i24tgs\" data-brz-custom-id=\"caVnx7ozQuD2\">\n<div data-brz-translate-text=\"1\">\n<p class=\"brz-tp-lg-empty brz-ff-overpass brz-ft-google brz-fs-lg-20 brz-fss-lg-px brz-fw-lg-400 brz-ls-lg-0 brz-lh-lg-1_7 brz-vfw-lg-400 brz-fwdth-lg-100 brz-fsft-lg-0 brz-css-yNaNv\" data-generated-css=\"brz-css-vKEYu\" data-uniq-id=\"e3R2X\"><span>Telefon:<\/span><span> <\/span><span>0790840829<\/span><\/p>\n<p class=\"brz-text-lg-justify brz-tp-lg-empty brz-ff-overpass brz-ft-google brz-fs-lg-20 brz-fss-lg-px brz-fw-lg-400 brz-ls-lg-0 brz-lh-lg-1_7 brz-vfw-lg-400 brz-fwdth-lg-100 brz-fsft-lg-0 brz-css-pTsC3\" data-generated-css=\"brz-css-eqzMm\" data-uniq-id=\"r3tTT\"><span>E-mail Rela\u021bii Clien\u021bi:<\/span><span> <\/span><u class=\"brz-underline-true\">amzacouture@yahoo.com<\/u><span>, <\/span><\/p>\n<p class=\"brz-text-lg-justify brz-tp-lg-empty brz-ff-overpass brz-ft-google brz-fs-lg-20 brz-fss-lg-px brz-fw-lg-400 brz-ls-lg-0 brz-lh-lg-1_7 brz-vfw-lg-400 brz-fwdth-lg-100 brz-fsft-lg-0 brz-css-tfTC7\" data-generated-css=\"brz-css-qxG_d\" data-uniq-id=\"kdfkY\"><u class=\"brz-underline-true\">giuliasalvan257@gmail.com<\/u><\/p>\n<\/div>\n<\/div>\n<\/div>\n<div id=\"\" class=\"brz-css-d-wrapper brz-css-r-wrapper brz-css-1bpg7ks brz-wrapper\">\n<div class=\"brz-spacer brz-css-d-spacer brz-css-1u8fsol\"><\/div>\n<\/div>\n<div id=\"\" class=\"brz-css-d-wrapper brz-css-lmttpd brz-wrapper\">\n<div class=\"brz-rich-text brz-rich-text__custom brz-css-d-richtext brz-css-d4k5jb\" data-brz-custom-id=\"e5wHruH2OP2s\">\n<div data-brz-translate-text=\"1\">\n<p class=\"brz-lh-lg-1 brz-ls-lg-0 brz-fw-lg-700 brz-fss-lg-px brz-fs-lg-36 brz-ft-google brz-ff-playfair_display brz-tp-lg-empty brz-fsft-lg-0 brz-fwdth-lg-100 brz-vfw-lg-400 brz-text-lg-left brz-css-wp9TK\" data-generated-css=\"brz-css-w5BiB\" data-uniq-id=\"tgaY7\"><span class=\"brz-italic-true brz-span\"><em>Localizare<\/em><\/span><\/p>\n<\/div>\n<\/div>\n<\/div>\n<div id=\"\" class=\"brz-css-d-wrapper brz-css-1qvyjyk brz-wrapper\">\n<div class=\"brz-line brz-line-default brz-css-d-line brz-css-1je8tm4\" data-brz-custom-id=\"p4UPCcr_SBeR\">\n<hr class=\"brz-hr\"><\/div>\n<\/div>\n<div id=\"\" class=\"brz-css-d-wrapper brz-css-1812uwt brz-wrapper\">\n<div class=\"brz-embed-code brz-css-d-embedcode brz-css-1ic69q4\" data-brz-custom-id=\"zjPy4o7Y3euE\">\n<div class=\"brz-embed-content\">\n<div><\/div>\n<\/div>\n<\/div>\n<\/div>\n<\/div>\n<\/div>\n<div class=\"brz-columns brz-css-d-column-column brz-css-1dimbln\" data-brz-custom-id=\"uHlmbrlrzf8n\">\n<div class=\"brz-column__items brz-css-d-column-bg brz-css-ogkvmw\">\n<div id=\"\" class=\"brz-css-d-wrapper brz-css-18le9wf brz-wrapper\">\n<div class=\"brz-rich-text brz-rich-text__custom brz-css-d-richtext brz-css-17qn9gl\" data-brz-custom-id=\"aUI7sewRBLrd\">\n<div data-brz-translate-text=\"1\">\n<p class=\"brz-text-lg-left brz-vfw-lg-400 brz-fwdth-lg-100 brz-fsft-lg-0 brz-tp-lg-empty brz-ff-playfair_display brz-ft-google brz-fs-lg-36 brz-fss-lg-px brz-fw-lg-700 brz-ls-lg-0 brz-lh-lg-1 brz-css-ouiB1\" data-uniq-id=\"ct_ti\" data-generated-css=\"brz-css-npXgR\"><span class=\"brz-italic-true brz-span\"><em>Loca\u021bie<\/em><\/span><\/p>\n<\/div>\n<\/div>\n<\/div>\n<div id=\"\" class=\"brz-css-d-wrapper brz-css-q3i7du brz-wrapper\">\n<div class=\"brz-line brz-line-default brz-css-d-line brz-css-1y5n50u\" data-brz-custom-id=\"znaXJdwwbKnR\">\n<hr class=\"brz-hr\"><\/div>\n<\/div>\n<div id=\"\" class=\"brz-css-d-wrapper brz-css-p9ua20 brz-wrapper\">\n<div class=\"brz-rich-text brz-rich-text__custom brz-css-d-richtext brz-css-1v5rxpc\" data-brz-custom-id=\"vY4eoCVpGnKq\">\n<div data-brz-translate-text=\"1\">\n<p class=\"brz-text-lg-justify brz-tp-lg-empty brz-ff-lato brz-ft-google brz-fs-lg-20 brz-fss-lg-px brz-fw-lg-400 brz-ls-lg-0 brz-lh-lg-1_7 brz-vfw-lg-400 brz-fwdth-lg-100 brz-fsft-lg-0 brz-css-nS18B\" data-uniq-id=\"roQmF\" data-generated-css=\"brz-css-ulVXa\"><span>Adres\u0103: <\/span><span> <\/span><span>Bistri\u021ba, Vii\u0219oara, Strada Principal\u0103, nr. 267<\/span><\/p>\n<p class=\"brz-text-lg-justify brz-tp-lg-empty brz-ff-lato brz-ft-google brz-fs-lg-20 brz-fss-lg-px brz-fw-lg-400 brz-ls-lg-0 brz-lh-lg-1_7 brz-vfw-lg-400 brz-fwdth-lg-100 brz-fsft-lg-0 brz-css-mufvV\" data-uniq-id=\"zctwy\" data-generated-css=\"brz-css-eheod\"><span>Cod Po\u0219tal: <\/span><span>420006<\/span><\/p>\n<p class=\"brz-fsft-lg-0 brz-fwdth-lg-100 brz-vfw-lg-400 brz-lh-lg-1_7 brz-ls-lg-0 brz-fw-lg-400 brz-fss-lg-px brz-fs-lg-20 brz-ft-google brz-ff-lato brz-tp-lg-empty brz-css-kQeAq\" data-uniq-id=\"e4Z3N\" data-generated-css=\"brz-css-hZzFQ\"><span>Program magazin:<\/span><span> <\/span><span>Luni-S\u00e2mb\u0103t\u0103 09-19<\/span><span> <\/span><\/p>\n<\/div>\n<\/div>\n<\/div>\n<div id=\"\" class=\"brz-css-d-wrapper brz-css-r-wrapper brz-css-1s4a0uz brz-wrapper\">\n<div class=\"brz-spacer brz-css-d-spacer brz-css-ihmk9m\"><\/div>\n<\/div>\n<div id=\"\" class=\"brz-css-d-wrapper brz-css-gjydox brz-wrapper\">\n<div class=\"brz-rich-text brz-rich-text__custom brz-css-d-richtext brz-css-1lbx799\" data-brz-custom-id=\"lRqnB6TIBVE9\">\n<div data-brz-translate-text=\"1\">\n<p class=\"brz-text-lg-left brz-vfw-lg-400 brz-fwdth-lg-100 brz-fsft-lg-0 brz-tp-lg-empty brz-ff-playfair_display brz-ft-google brz-fs-lg-36 brz-fss-lg-px brz-fw-lg-700 brz-ls-lg-0 brz-lh-lg-1 brz-css-ulyhl\" data-uniq-id=\"ouT8u\" data-generated-css=\"brz-css-qT9iJ\"><span class=\"brz-italic-true brz-span\"><em>Mesaje<\/em><\/span><\/p>\n<\/div>\n<\/div>\n<\/div>\n<div id=\"\" class=\"brz-css-d-wrapper brz-css-k3zgai brz-wrapper\">\n<div class=\"brz-line brz-line-default brz-css-d-line brz-css-w51gbj\" data-brz-custom-id=\"pe50lBf9PYy_\">\n<hr class=\"brz-hr\"><\/div>\n<\/div>\n<div id=\"\" class=\"brz-css-d-wrapper brz-css-crnmxd brz-wrapper\">\n<div data-brz-form-version=\"2\" class=\"brz-forms2 brz-css-d-form2-form brz-css-qpqry7\" data-brz-custom-id=\"eAG_P57cBPhN\">\n<div data-brz-translate-text=\"1\" class=\"brz-forms2__item brz-css-d-form2fields-fields brz-css-1btsmjz brz-css-d-form2field-field brz-css-1x98r2p\"><label class=\"brz-label brz-forms2__field-label\" for=\"tiJzyhAvg9gs_0af26136590fc2755149\">Nume \u0219i Prenume (c\u00e2mp obligatoriu)<\/label><\/div>\n<div data-brz-translate-text=\"1\" class=\"brz-forms2__item brz-css-d-form2fields-fields brz-css-1btsmjz brz-css-d-form2field-field brz-css-1slwklu\"><label class=\"brz-label brz-forms2__field-label\" for=\"fCCsZgKrnB3t_f7cccd236cfa15bed80e\">Email Address (c\u00e2mp obligatoriu)<\/label><\/div>\n<div data-brz-translate-text=\"1\" class=\"brz-forms2__item brz-css-d-form2fields-fields brz-css-1btsmjz brz-css-d-form2field-field brz-css-wzbcih\"><label class=\"brz-label brz-forms2__field-label\" for=\"imc1DbzFysp2_02238dcc55da0e893d22\">Subiect(c\u00e2mp obligatoriu)<\/label><\/p>\n<div class=\"brz-forms2__field brz-forms2__field-select brz-css-d-form2fields-field_select brz-css-125nn8e\">Subiect(c\u00e2mp obligatoriu)Option 1Option 2<\/div>\n<\/div>\n<div data-brz-translate-text=\"1\" class=\"brz-forms2__item brz-css-d-form2fields-fields brz-css-1btsmjz brz-css-d-form2field-field brz-css-1lybejq\"><label class=\"brz-label brz-forms2__field-label\" for=\"rNx5xknWA5RF_c2200ac0e95d424d33a5\">Mesaj(c\u00e2mp obligatoriu)<\/label><textarea id=\"rNx5xknWA5RF_c2200ac0e95d424d33a5\" name=\"nFLT9GC9U_7x\" data-brz-type=\"Paragraph\" data-brz-label=\"Mesaj(c\u00e2mp obligatoriu)\" data-brz-placeholder=\"\" class=\"brz-textarea brz-forms2__field brz-forms2__field-paragraph brz-p-events--none\"><\/textarea><\/div>\n<div class=\"brz-forms2 brz-forms2__item brz-forms2__item-button\" data-brz-custom-id=\"eAG_P57cBPhN\"><button class=\"brz-btn brz-btn-submit brz-css-d-button-bg brz-css-nxk5pk\" data-brz-custom-id=\"tZffY1qU3PZf\"><span data-brz-translate-text=\"1\" class=\"brz-span brz-text__editor\">Trimite Mesajul<\/span><\/button><\/div>\n<div class=\"brz-forms2__messages brz-css-d-form2-messages\"><\/div>\n<div class=\"brz-g-recaptcha\" data-sitekey=\"\" data-size=\"invisible\" data-callback=\"brzFormV2Captcha\"><\/div>\n<\/div>\n<\/div>\n<\/div>\n<\/div>\n<\/div>\n<\/div>\n<div id=\"\" class=\"brz-css-d-wrapper brz-css-r-wrapper brz-css-1e6f3a5 brz-wrapper\">\n<div class=\"brz-spacer brz-css-d-spacer brz-css-sl2xm6\"><\/div>\n<\/div>\n<\/div>\n<\/div>\n<\/div>\n<\/div>\n<\/div>\n<\/div>\n<\/section><\/div>\n<p><!-- version:1772225807 --><\/p>\n","protected":false},"excerpt":{"rendered":"<p>Contact Telefon: 0790840829 E-mail Rela\u021bii Clien\u021bi: amzacouture@yahoo.com, giuliasalvan257@gmail.com Localizare Loca\u021bie Adres\u0103: Bistri\u021ba, Vii\u0219oara, Strada Principal\u0103, nr. 267 Cod Po\u0219tal: 420006 Program magazin: Luni-S\u00e2mb\u0103t\u0103 09-19 Mesaje Nume \u0219i Prenume (c\u00e2mp obligatoriu) Email Address (c\u00e2mp obligatoriu) Subiect(c\u00e2mp obligatoriu) Subiect(c\u00e2mp obligatoriu)Option 1Option 2 Mesaj(c\u00e2mp obligatoriu) Trimite Mesajul<\/p>\n","protected":false},"author":1,"featured_media":0,"parent":0,"menu_order":0,"comment_status":"closed","ping_status":"closed","template":"brizy-blank-template.php","meta":{"footnotes":""},"class_list":["post-1051","page","type-page","status-publish","hentry"],"blocksy_meta":{"page_title_panel":"","has_hero_section":"disabled","1667bfed60a2e575eaef4ac63d6a1cfc":"","hero_section":"type-1","hero_elements":[{"id":"custom_title","enabled":true,"heading_tag":"h1","title":"Home"},{"id":"custom_description","enabled":true,"description_visibility":{"desktop":true,"tablet":true,"mobile":false}},{"id":"custom_meta","enabled":false,"meta_elements":[{"id":"author","enabled":true,"label":"By","has_author_avatar":"yes","avatar_size":25},{"id":"post_date","enabled":true,"label":"On","date_format_source":"default","date_format":"M j, Y"},{"id":"comments","enabled":true}],"page_meta_elements":{"joined":true,"articles_count":true,"comments":true}},{"id":"breadcrumbs","enabled":false}],"39798c53b94a591b894263fcd02fbb5a":"","hero_alignment1":"left","hero_alignment2":"center","hero_vertical_alignment":"center","hero_structure":"narrow","77d3fc9956e7489db001bed58bddabb6":"","hero_height":"230px","parallax":{"desktop":false,"tablet":false,"mobile":false},"pageTitleFont":{"family":"Default","variation":"Default","size":{"desktop":"32px","tablet":"30px","mobile":"25px"},"line-height":"1.3","letter-spacing":"CT_CSS_SKIP_RULE","text-transform":"CT_CSS_SKIP_RULE","text-decoration":"CT_CSS_SKIP_RULE"},"pageTitleFontColor":{"default":{"color":"CT_CSS_SKIP_RULEDEFAULT"}},"pageMetaFont":{"family":"Default","variation":"n6","size":{"desktop":"12px","tablet":"12px","mobile":"12px"},"line-height":"1.3","letter-spacing":"CT_CSS_SKIP_RULE","text-transform":"uppercase","text-decoration":"CT_CSS_SKIP_RULE"},"pageMetaFontColor":{"default":{"color":"CT_CSS_SKIP_RULEDEFAULT"},"hover":{"color":"CT_CSS_SKIP_RULEDEFAULT"}},"pageExcerptFont":{"family":"Default","variation":"n5","size":"CT_CSS_SKIP_RULE","line-height":"CT_CSS_SKIP_RULE","letter-spacing":"CT_CSS_SKIP_RULE","text-transform":"CT_CSS_SKIP_RULE","text-decoration":"CT_CSS_SKIP_RULE"},"pageExcerptColor":{"default":{"color":"CT_CSS_SKIP_RULEDEFAULT"}},"breadcrumbsFont":{"family":"Default","variation":"n6","size":"12px","line-height":"CT_CSS_SKIP_RULE","letter-spacing":"CT_CSS_SKIP_RULE","text-transform":"uppercase","text-decoration":"CT_CSS_SKIP_RULE"},"breadcrumbsFontColor":{"default":{"color":"CT_CSS_SKIP_RULEDEFAULT"},"initial":{"color":"CT_CSS_SKIP_RULEDEFAULT"},"hover":{"color":"CT_CSS_SKIP_RULEDEFAULT"}},"pageTitleOverlay":{"default":{"color":"rgba(41, 51, 60, 0.2)"}},"pageTitleBackground":{"background_type":"color","background_pattern":"type-1","background_image":{"attachment_id":null,"x":0,"y":0},"background_repeat":"no-repeat","background_size":"auto","background_attachment":"scroll","patternColor":{"default":{"color":"#e5e7ea"}},"backgroundColor":{"default":{"color":"#EDEFF2"}}},"abf59183720545dc620a4f75a7e2f674":"","page_structure_type":"default","content_style":"inherit","vertical_spacing_source":"custom","content_area_spacing":"none","background":{"background_type":"color","background_pattern":"type-1","background_image":{"attachment_id":null,"x":0,"y":0},"background_repeat":"no-repeat","background_size":"auto","background_attachment":"scroll","patternColor":{"default":{"color":"#e5e7ea"}},"backgroundColor":{"default":{"color":"CT_CSS_SKIP_RULE"}}},"content_background":{"background_type":"color","background_pattern":"type-1","background_image":{"attachment_id":null,"x":0,"y":0},"background_repeat":"no-repeat","background_size":"auto","background_attachment":"scroll","patternColor":{"default":{"color":"#e5e7ea"}},"backgroundColor":{"default":{"color":"#ffffff"}}},"content_boxed_spacing":{"desktop":"40px","tablet":"35px","mobile":"20px"},"content_boxed_radius":{"top":"3px","bottom":"3px","left":"3px","right":"3px","linked":true},"content_boxed_shadow":{"blur":18,"spread":-6,"v_offset":12,"h_offset":0,"inset":false,"enable":true,"color":{"color":"rgba(34, 56, 101, 0.04)"}},"217d8b41f05e3b3f5a99023369e0a492":"","disable_featured_image":"no","disable_header":"no","disable_footer":"no","styles_descriptor":{"styles":{"desktop":"","tablet":"","mobile":""},"google_fonts":[]}},"brizy_media":[{"id":1249,"url":"https:\/\/amza-cleanline.com\/wp-content\/uploads\/2026\/02\/Background-2a.jpg","name":"Background-2a.jpg","meta":{"brizy_attachment_uid":"wp-d3a14646c8d54658f1955bcb69196a94.jpg","brizy_post_uid":["60f5c1098867f35b7a122c57053faf08"]}},{"id":1417,"url":"https:\/\/amza-cleanline.com\/wp-content\/uploads\/2026\/02\/Background-1-5.jpg","name":"Background-1-5.jpg","meta":{"brizy_attachment_uid":"wp-bbbaf2ee716023b0bdd0c7281c57e43f.jpg","brizy_post_uid":["60f5c1098867f35b7a122c57053faf08"]}}],"_links":{"self":[{"href":"https:\/\/amza-cleanline.com\/index.php\/wp-json\/wp\/v2\/pages\/1051","targetHints":{"allow":["GET"]}}],"collection":[{"href":"https:\/\/amza-cleanline.com\/index.php\/wp-json\/wp\/v2\/pages"}],"about":[{"href":"https:\/\/amza-cleanline.com\/index.php\/wp-json\/wp\/v2\/types\/page"}],"author":[{"embeddable":true,"href":"https:\/\/amza-cleanline.com\/index.php\/wp-json\/wp\/v2\/users\/1"}],"replies":[{"embeddable":true,"href":"https:\/\/amza-cleanline.com\/index.php\/wp-json\/wp\/v2\/comments?post=1051"}],"version-history":[{"count":30,"href":"https:\/\/amza-cleanline.com\/index.php\/wp-json\/wp\/v2\/pages\/1051\/revisions"}],"predecessor-version":[{"id":1675,"href":"https:\/\/amza-cleanline.com\/index.php\/wp-json\/wp\/v2\/pages\/1051\/revisions\/1675"}],"wp:attachment":[{"href":"https:\/\/amza-cleanline.com\/index.php\/wp-json\/wp\/v2\/media?parent=1051"}],"curies":[{"name":"wp","href":"https:\/\/api.w.org\/{rel}","templated":true}]}}